{"id":288,"date":"2025-04-23T17:37:14","date_gmt":"2025-04-23T17:37:14","guid":{"rendered":"https:\/\/simsinos-fr.fr\/planet7-casino\/?page_id=288"},"modified":"2025-07-08T07:37:40","modified_gmt":"2025-07-08T07:37:40","slug":"fr","status":"publish","type":"page","link":"https:\/\/simsinos-fr.fr\/planet7-casino\/","title":{"rendered":"\u0420l\u0430n\u0435t 7 \u0421\u0430sin\u043e"},"content":{"rendered":"<div class=\"\" style=\"\" >\n    \n    <section class=\"u-clearfix u-custom-color-1 u-section-2\" id=\"sec-aeca\">\n      <div class=\"u-clearfix u-sheet u-valign-middle-xs u-sheet-1\">\n        <h1 class=\"u-align-center u-text u-text-default u-text-1\">Planet 7 Casino<\/h1>\n      <\/div>\n    <\/section>\n    <section class=\"u-clearfix u-custom-color-1 u-section-3\" id=\"sec-3f5a\">\n      <div class=\"u-clearfix u-sheet u-sheet-1\">\n        <img class=\"u-expanded-height-lg u-expanded-height-md u-expanded-height-sm u-expanded-height-xl u-expanded-width-xs u-image u-image-default lazyload u-image-1\" alt=\"Free Spins at Planet7\" data-image-width=\"2852\" data-image-height=\"796\" data-src=\"https:\/\/simsinos-fr.fr\/planet7-casino\/wp-content\/uploads\/2023\/10\/2023-10-0217.45.14-scaled.webp\" loading=\"lazy\">\n      <\/div>\n    <\/section>\n    <section class=\"u-clearfix u-custom-color-1 u-section-4\" id=\"sec-22b0\">\n      <div class=\"u-clearfix u-sheet u-valign-middle u-sheet-1\">\n        <div class=\"u-clearfix u-custom-html u-expanded-width u-custom-html-1\">\n          <p>Planet 7 Casino a \u00e9t\u00e9 cr\u00e9\u00e9 en 2013 en tant que pionnier des sites de jeux Bitcoin, s'adaptant rapidement \u00e0 la tendance de la monnaie virtuelle. Il s'est construit une solide r\u00e9putation en France au fil des ans, connu pour sa fiabilit\u00e9 et sa s\u00e9curit\u00e9 en tant que casino en ligne r\u00e9put\u00e9.  Le site est r\u00e9put\u00e9 pour son interface conviviale et son fonctionnement sans faille. Lors de ma r\u00e9cente visite, j'ai remarqu\u00e9 les am\u00e9liorations constantes apport\u00e9es au site. Il est int\u00e9ressant de noter que d'ici le printemps 2022, les devises fiduciaires seront \u00e9galement accept\u00e9es. Si Planet 7 Casino offre une remarquable s\u00e9lection de jeux de casino, ses bookmakers sont particuli\u00e8rement r\u00e9put\u00e9s. Curieux de conna\u00eetre les jeux disponibles, les cotes et les devises accept\u00e9es ? J'ai beaucoup de questions, et cette revue a pour but d'y r\u00e9pondre !<\/p>\n        <\/div>\n      <\/div>\n    <\/section>\n    \n    \n    \n  \n<\/div>","protected":false},"excerpt":{"rendered":"<p>Planet 7 Casino Planet 7 Casino a \u00e9t\u00e9 cr\u00e9\u00e9 en 2013 en tant que pionnier des sites de jeux Bitcoin, s&#8217;adaptant rapidement \u00e0 la tendance de la monnaie virtuelle. Il s&#8217;est construit une solide r\u00e9putation en France au fil des ans, connu pour sa fiabilit\u00e9 et sa s\u00e9curit\u00e9 en tant que casino en ligne r\u00e9put\u00e9. &#8230; <a title=\"\u0420l\u0430n\u0435t 7 \u0421\u0430sin\u043e\" class=\"read-more\" href=\"https:\/\/simsinos-fr.fr\/planet7-casino\/\" aria-label=\"M\u043er\u0435 \u043en \u0420l\u0430n\u0435t 7 \u0421\u0430sin\u043e\">R\u0435\u0430d m\u043er\u0435<\/a><\/p>\n","protected":false},"author":1,"featured_media":0,"parent":0,"menu_order":1,"comment_status":"closed","ping_status":"closed","template":"","meta":{"footnotes":""},"class_list":["post-288","page","type-page","status-publish"],"yoast_head":"<!-- This site is optimized with the Yoast SEO plugin v27.2 - https:\/\/yoast.com\/product\/yoast-seo-wordpress\/ -->\n<title>\u0420l\u0430n\u0435t 7 \u0421\u0430sin\u043e<\/title>\n<meta name=\"description\" content=\"\u0420l\u0430n\u0435t7\u0421\u0430sin\u043e\" \/>\n<meta name=\"robots\" content=\"index, follow, max-snippet:-1, max-image-preview:large, max-video-preview:-1\" \/>\n<link rel=\"canonical\" href=\"https:\/\/simsinos-fr.fr\/planet7-casino\/\" \/>\n<meta property=\"og:locale\" content=\"en_US\" \/>\n<meta property=\"og:type\" content=\"article\" \/>\n<meta property=\"og:title\" content=\"\u0420l\u0430n\u0435t 7 \u0421\u0430sin\u043e\" \/>\n<meta property=\"og:description\" content=\"Planet7Casino\" \/>\n<meta property=\"og:url\" content=\"https:\/\/simsinos-fr.fr\/planet7-casino\/\" \/>\n<meta property=\"article:modified_time\" content=\"2025-07-08T07:37:40+00:00\" \/>\n<meta name=\"twitter:card\" content=\"summary_large_image\" \/>\n<meta name=\"twitter:label1\" content=\"\u0415st. r\u0435\u0430ding tim\u0435\" \/>\n\t<meta name=\"twitter:data1\" content=\"1 minute\" \/>\n<script type=\"application\/ld+json\" class=\"yoast-schema-graph\">{\"@context\":\"https:\/\/schema.org\",\"@graph\":[{\"@type\":\"WebPage\",\"@id\":\"https:\/\/simsinos-fr.fr\/planet7-casino\/\",\"url\":\"https:\/\/simsinos-fr.fr\/planet7-casino\/\",\"name\":\"Planet 7 Casino\",\"isPartOf\":{\"@id\":\"https:\/\/simsinos-fr.fr\/planet7-casino\/#website\"},\"datePublished\":\"2025-04-23T17:37:14+00:00\",\"dateModified\":\"2025-07-08T07:37:40+00:00\",\"description\":\"Planet7Casino\",\"breadcrumb\":{\"@id\":\"https:\/\/simsinos-fr.fr\/planet7-casino\/#breadcrumb\"},\"inLanguage\":\"en-AU\",\"potentialAction\":[{\"@type\":\"ReadAction\",\"target\":[\"https:\/\/simsinos-fr.fr\/planet7-casino\/\"]}]},{\"@type\":\"BreadcrumbList\",\"@id\":\"https:\/\/simsinos-fr.fr\/planet7-casino\/#breadcrumb\",\"itemListElement\":[{\"@type\":\"ListItem\",\"position\":1,\"name\":\"Planet7\",\"item\":\"https:\/\/simsinos-fr.fr\/planet7-casino\/\"},{\"@type\":\"ListItem\",\"position\":2,\"name\":\"\u0420l\u0430n\u0435t 7 \u0421\u0430sin\u043e\"}]},{\"@type\":\"WebSite\",\"@id\":\"https:\/\/simsinos-fr.fr\/planet7-casino\/#website\",\"url\":\"https:\/\/simsinos-fr.fr\/planet7-casino\/\",\"name\":\"\",\"description\":\"\",\"potentialAction\":[{\"@type\":\"SearchAction\",\"target\":{\"@type\":\"EntryPoint\",\"urlTemplate\":\"https:\/\/simsinos-fr.fr\/planet7-casino\/?s={search_term_string}\"},\"query-input\":{\"@type\":\"PropertyValueSpecification\",\"valueRequired\":true,\"valueName\":\"search_term_string\"}}],\"inLanguage\":\"en-AU\"}]}<\/script>\n<!-- \/ Yoast SEO plugin. -->","yoast_head_json":{"title":"\u0420l\u0430n\u0435t 7 \u0421\u0430sin\u043e","description":"\u0420l\u0430n\u0435t7\u0421\u0430sin\u043e","robots":{"index":"index","follow":"follow","max-snippet":"max-snippet:-1","max-image-preview":"max-image-preview:large","max-video-preview":"max-video-preview:-1"},"canonical":"https:\/\/simsinos-fr.fr\/planet7-casino\/","og_locale":"en_US","og_type":"article","og_title":"\u0420l\u0430n\u0435t 7 \u0421\u0430sin\u043e","og_description":"Planet7Casino","og_url":"https:\/\/simsinos-fr.fr\/planet7-casino\/","article_modified_time":"2025-07-08T07:37:40+00:00","twitter_card":"summary_large_image","twitter_misc":{"\u0415st. r\u0435\u0430ding tim\u0435":"1 minute"},"schema":{"@context":"https:\/\/schema.org","@graph":[{"@type":"WebPage","@id":"https:\/\/simsinos-fr.fr\/planet7-casino\/","url":"https:\/\/simsinos-fr.fr\/planet7-casino\/","name":"Planet 7 Casino","isPartOf":{"@id":"https:\/\/simsinos-fr.fr\/planet7-casino\/#website"},"datePublished":"2025-04-23T17:37:14+00:00","dateModified":"2025-07-08T07:37:40+00:00","description":"Planet7Casino","breadcrumb":{"@id":"https:\/\/simsinos-fr.fr\/planet7-casino\/#breadcrumb"},"inLanguage":"en-AU","potentialAction":[{"@type":"ReadAction","target":["https:\/\/simsinos-fr.fr\/planet7-casino\/"]}]},{"@type":"BreadcrumbList","@id":"https:\/\/simsinos-fr.fr\/planet7-casino\/#breadcrumb","itemListElement":[{"@type":"ListItem","position":1,"name":"Planet7","item":"https:\/\/simsinos-fr.fr\/planet7-casino\/"},{"@type":"ListItem","position":2,"name":"\u0420l\u0430n\u0435t 7 \u0421\u0430sin\u043e"}]},{"@type":"WebSite","@id":"https:\/\/simsinos-fr.fr\/planet7-casino\/#website","url":"https:\/\/simsinos-fr.fr\/planet7-casino\/","name":"","description":"","potentialAction":[{"@type":"SearchAction","target":{"@type":"EntryPoint","urlTemplate":"https:\/\/simsinos-fr.fr\/planet7-casino\/?s={search_term_string}"},"query-input":{"@type":"PropertyValueSpecification","valueRequired":true,"valueName":"search_term_string"}}],"inLanguage":"en-AU"}]}},"_links":{"self":[{"href":"https:\/\/simsinos-fr.fr\/planet7-casino\/wp-json\/wp\/v2\/pages\/288","targetHints":{"allow":["GET"]}}],"collection":[{"href":"https:\/\/simsinos-fr.fr\/planet7-casino\/wp-json\/wp\/v2\/pages"}],"about":[{"href":"https:\/\/simsinos-fr.fr\/planet7-casino\/wp-json\/wp\/v2\/types\/page"}],"author":[{"embeddable":true,"href":"https:\/\/simsinos-fr.fr\/planet7-casino\/wp-json\/wp\/v2\/users\/1"}],"replies":[{"embeddable":true,"href":"https:\/\/simsinos-fr.fr\/planet7-casino\/wp-json\/wp\/v2\/comments?post=288"}],"version-history":[{"count":2,"href":"https:\/\/simsinos-fr.fr\/planet7-casino\/wp-json\/wp\/v2\/pages\/288\/revisions"}],"predecessor-version":[{"id":290,"href":"https:\/\/simsinos-fr.fr\/planet7-casino\/wp-json\/wp\/v2\/pages\/288\/revisions\/290"}],"wp:attachment":[{"href":"https:\/\/simsinos-fr.fr\/planet7-casino\/wp-json\/wp\/v2\/media?parent=288"}],"curies":[{"name":"wp","href":"https:\/\/api.w.org\/{rel}","templated":true}]}}